{"id":1342,"date":"2024-08-20T15:42:37","date_gmt":"2024-08-20T13:42:37","guid":{"rendered":"https:\/\/souvenirperwezien.be\/ma-preprod\/\/\/\/\/\/\/\/\/\/\/\/\/\/\/\/\/\/\/\/\/\/\/?page_id=1342"},"modified":"2025-08-27T22:28:29","modified_gmt":"2025-08-27T20:28:29","slug":"l-origine-des-noms-de-rue","status":"publish","type":"page","link":"https:\/\/souvenirperwezien.be\/ma-preprod\/l-origine-des-noms-de-rue\/","title":{"rendered":"L&#8217;origine des noms de rue"},"content":{"rendered":"\t\t<div data-elementor-type=\"wp-page\" data-elementor-id=\"1342\" class=\"elementor elementor-1342\" data-elementor-settings=\"{&quot;ha_cmc_init_switcher&quot;:&quot;no&quot;}\">\n\t\t\t\t<div class=\"elementor-element elementor-element-37608f5 e-flex e-con-boxed e-con e-parent\" data-id=\"37608f5\" data-element_type=\"container\" data-e-type=\"container\" data-settings=\"{&quot;_ha_eqh_enable&quot;:false}\">\n\t\t\t\t\t<div class=\"e-con-inner\">\n\t\t\t\t<div class=\"elementor-element elementor-element-e515dc4 elementor-widget elementor-widget-heading\" data-id=\"e515dc4\" data-element_type=\"widget\" data-e-type=\"widget\" data-widget_type=\"heading.default\">\n\t\t\t\t<div class=\"elementor-widget-container\">\n\t\t\t\t\t<h2 class=\"elementor-heading-title elementor-size-default\">L'origine des noms de rue<\/h2>\t\t\t\t<\/div>\n\t\t\t\t<\/div>\n\t\t\t\t\t<\/div>\n\t\t\t\t<\/div>\n\t\t<div class=\"elementor-element elementor-element-88c4031 e-flex e-con-boxed e-con e-parent\" data-id=\"88c4031\" data-element_type=\"container\" data-e-type=\"container\" data-settings=\"{&quot;_ha_eqh_enable&quot;:false}\">\n\t\t\t\t\t<div class=\"e-con-inner\">\n\t\t\t\t<div class=\"elementor-element elementor-element-b22ead2 elementor-widget elementor-widget-text-editor\" data-id=\"b22ead2\" data-element_type=\"widget\" data-e-type=\"widget\" data-widget_type=\"text-editor.default\">\n\t\t\t\t<div class=\"elementor-widget-container\">\n\t\t\t\t\t\t\t\t\t<p>Vous \u00eates-vous\u00a0d\u00e9j\u00e0\u00a0demand\u00e9 : \u201cPourquoi\u00a0ce\u00a0nom\u00a0de\u00a0rue ?\u00a0Que\u00a0signifie-t-il ?\u201d\u00a0\u00a0Parfois, l&#8217;origine d&#8217; un nom de rue est \u00e9vident\u00a0tant\u00a0il est li\u00e9 \u00e0 la pr\u00e9sence visible d&#8217;un monument (rue de l&#8217;Eglise), ou il peut \u00e9voquer un village vers lequel m\u00e8ne le chemin (rue de Noville), ou encore la qualit\u00e9 des lieux\u00a0o\u00f9\u00a0elle\u00a0passe (rue\u00a0du\u00a0Marais),\u00a0mais\u00a0il y a en d\u2019autres\u00a0qui peuvent\u00a0para\u00eetre\u00a0bien \u00e9tranges\u00a0voire\u00a0impossibles \u00e0\u00a0comprendre.\u00a0 Leur\u00a0signification\u00a0est\u00a0tr\u00e8s\u00a0souvent \u00e0\u00a0trouver\u00a0dans\u00a0l\u2019histoire locale,\u00a0histoire\u00a0d\u2019un\u00a0lieu-dit (rue\u00a0du\u00a0Tour\u00a0d\u2019Eau),\u00a0histoire\u00a0d\u2019un\u00a0personnage (avenue\u00a0Lieutenant\u00a0Bigourdan). Rappeler l&#8217;origine des noms de rue c&#8217;est aussi entretenir la m\u00e9moire.<\/p>\t\t\t\t\t\t\t\t<\/div>\n\t\t\t\t<\/div>\n\t\t\t\t\t<\/div>\n\t\t\t\t<\/div>\n\t\t<div class=\"elementor-element elementor-element-41b5f57 e-flex e-con-boxed e-con e-parent\" data-id=\"41b5f57\" data-element_type=\"container\" data-e-type=\"container\" data-settings=\"{&quot;_ha_eqh_enable&quot;:false}\">\n\t\t\t\t\t<div class=\"e-con-inner\">\n\t\t\t\t<div class=\"elementor-element elementor-element-3b94acb elementor-widget elementor-widget-image\" data-id=\"3b94acb\" data-element_type=\"widget\" data-e-type=\"widget\" data-widget_type=\"image.default\">\n\t\t\t\t<div class=\"elementor-widget-container\">\n\t\t\t\t\t\t\t\t\t\t\t\t\t\t\t\t<a href=\"https:\/\/www.canalzoom.be\/\" target=\"_blank\">\n\t\t\t\t\t\t\t<img fetchpriority=\"high\" decoding=\"async\" width=\"633\" height=\"167\" src=\"https:\/\/souvenirperwezien.be\/ma-preprod\/wp-content\/uploads\/2024\/08\/Canal-Zoom-Logo-slogan.webp\" class=\"attachment-large size-large wp-image-1366\" alt=\"\" srcset=\"https:\/\/souvenirperwezien.be\/ma-preprod\/wp-content\/uploads\/2024\/08\/Canal-Zoom-Logo-slogan.webp 633w, https:\/\/souvenirperwezien.be\/ma-preprod\/wp-content\/uploads\/2024\/08\/Canal-Zoom-Logo-slogan-300x79.webp 300w\" sizes=\"(max-width: 633px) 100vw, 633px\" \/>\t\t\t\t\t\t\t\t<\/a>\n\t\t\t\t\t\t\t\t\t\t\t\t\t\t\t<\/div>\n\t\t\t\t<\/div>\n\t\t\t\t\t<\/div>\n\t\t\t\t<\/div>\n\t\t<div class=\"elementor-element elementor-element-dde4cf3 e-flex e-con-boxed e-con e-parent\" data-id=\"dde4cf3\" data-element_type=\"container\" data-e-type=\"container\" data-settings=\"{&quot;_ha_eqh_enable&quot;:false}\">\n\t\t\t\t\t<div class=\"e-con-inner\">\n\t\t\t\t<div class=\"elementor-element elementor-element-d17876c elementor-widget elementor-widget-text-editor\" data-id=\"d17876c\" data-element_type=\"widget\" data-e-type=\"widget\" data-widget_type=\"text-editor.default\">\n\t\t\t\t<div class=\"elementor-widget-container\">\n\t\t\t\t\t\t\t\t\t<div class=\"wp-block-uagb-container uagb-block-7c872fe4 alignwide uagb-is-root-container\">\n<p>Au travers des s\u00e9quences \u201cA\u00a0c\u00f4t\u00e9\u00a0de\u00a0la\u00a0plaque\u201d, Canal\u00a0Zoom,\u00a0en collaboration avec le Cercle historique de Perwez, nous rappellent l\u2019origine\u00a0de\u00a0certains\u00a0noms de rue de l&#8217;entit\u00e9 communale de Perwez.<\/p>\n<!-- \/wp:paragraph --><\/div>\n<p><!-- \/wp:uagb\/container --><!-- wp:uagb\/container {\"block_id\":\"ea453418\",\"contentWidth\":\"alignwide\",\"variationSelected\":true,\"isBlockRootParent\":true} --><\/p>\n<div class=\"wp-block-uagb-container uagb-block-ea453418 alignwide uagb-is-root-container\"><!-- wp:paragraph -->\n<p>Cliquez sur le rep\u00e8re \u00e0 c\u00f4t\u00e9 du nom de rue pour voir le reportage&#8230;.<\/p>\n<\/div>\t\t\t\t\t\t\t\t<\/div>\n\t\t\t\t<\/div>\n\t\t\t\t\t<\/div>\n\t\t\t\t<\/div>\n\t\t<div class=\"elementor-element elementor-element-4d0bc59c e-flex e-con-boxed e-con e-parent\" data-id=\"4d0bc59c\" data-element_type=\"container\" data-e-type=\"container\" data-settings=\"{&quot;_ha_eqh_enable&quot;:false}\">\n\t\t\t\t\t<div class=\"e-con-inner\">\n\t\t\t\t<div class=\"elementor-element elementor-element-2dcdff78 elementor-widget elementor-widget-text-editor\" data-id=\"2dcdff78\" data-element_type=\"widget\" data-e-type=\"widget\" data-widget_type=\"text-editor.default\">\n\t\t\t\t<div class=\"elementor-widget-container\">\n\t\t\t\t\t\t\t\t\t<!-- wp:uagb\/container {\"block_id\":\"a976efc4\",\"variationSelected\":true,\"isBlockRootParent\":true} -->\n<div class=\"wp-block-uagb-container uagb-block-a976efc4 alignfull uagb-is-root-container\">\n<div class=\"uagb-container-inner-blocks-wrap\">\u00a0<\/div>\n<\/div>\n<div class=\"wp-block-uagb-container uagb-block-ea453418 alignwide uagb-is-root-container\"><iframe src=\"\/\/umap.openstreetmap.fr\/fr\/map\/canal-zoom-a-cote-de-la-plaque_1105432?scaleControl=false&amp;miniMap=false&amp;scrollWheelZoom=false&amp;zoomControl=true&amp;editMode=disabled&amp;moreControl=true&amp;searchControl=null&amp;tilelayersControl=null&amp;embedControl=null&amp;datalayersControl=true&amp;onLoadPanel=none&amp;captionBar=false&amp;captionMenus=true\" width=\"100%\" height=\"600px\" frameborder=\"0\" allowfullscreen=\"allowfullscreen\"><\/iframe><\/div>\n<!-- \/wp:uagb\/container --><!-- wp:uagb\/container {\"block_id\":\"ab04f140\",\"contentWidth\":\"alignwide\",\"variationSelected\":true,\"isBlockRootParent\":true} --><!-- \/wp:uagb\/container -->\t\t\t\t\t\t\t\t<\/div>\n\t\t\t\t<\/div>\n\t\t\t\t\t<\/div>\n\t\t\t\t<\/div>\n\t\t<div class=\"elementor-element elementor-element-ba91b0e e-flex e-con-boxed e-con e-parent\" data-id=\"ba91b0e\" data-element_type=\"container\" data-e-type=\"container\" data-settings=\"{&quot;_ha_eqh_enable&quot;:false}\">\n\t\t\t\t\t<div class=\"e-con-inner\">\n\t\t\t\t<div class=\"elementor-element elementor-element-4a0314f elementor-widget elementor-widget-text-editor\" data-id=\"4a0314f\" data-element_type=\"widget\" data-e-type=\"widget\" data-widget_type=\"text-editor.default\">\n\t\t\t\t<div class=\"elementor-widget-container\">\n\t\t\t\t\t\t\t\t\t<p><a href=\"\/\/umap.openstreetmap.fr\/fr\/map\/canal-zoom-a-cote-de-la-plaque_1105432?scaleControl=false&amp;miniMap=false&amp;scrollWheelZoom=true&amp;zoomControl=true&amp;editMode=disabled&amp;moreControl=true&amp;searchControl=null&amp;tilelayersControl=null&amp;embedControl=null&amp;datalayersControl=true&amp;onLoadPanel=none&amp;captionBar=false&amp;captionMenus=true\">Voir en plein \u00e9cran<\/a><\/p>\n<p><a href=\"https:\/\/www.canalzoom.be\/emission\/cote-de-la-plaque\">Vers l&#8217;ensemble des s\u00e9quences &#8220;A c\u00f4t\u00e9 de la plaque&#8221;<\/a><\/p>\t\t\t\t\t\t\t\t<\/div>\n\t\t\t\t<\/div>\n\t\t\t\t\t<\/div>\n\t\t\t\t<\/div>\n\t\t\t\t<\/div>\n\t\t","protected":false},"excerpt":{"rendered":"<p>L&#8217;origine des noms de rue Vous \u00eates-vous\u00a0d\u00e9j\u00e0\u00a0demand\u00e9 : \u201cPourquoi\u00a0ce\u00a0nom\u00a0de\u00a0rue ?\u00a0Que\u00a0signifie-t-il ?\u201d\u00a0\u00a0Parfois, l&#8217;origine d&#8217; un nom de rue est \u00e9vident\u00a0tant\u00a0il est li\u00e9 \u00e0 la pr\u00e9sence visible d&#8217;un monument (rue de l&#8217;Eglise), ou il peut \u00e9voquer un village vers lequel m\u00e8ne le chemin (rue de Noville), ou encore la qualit\u00e9 des lieux\u00a0o\u00f9\u00a0elle\u00a0passe (rue\u00a0du\u00a0Marais),\u00a0mais\u00a0il y a en d\u2019autres\u00a0qui [&hellip;]<\/p>\n","protected":false},"author":1,"featured_media":0,"parent":0,"menu_order":0,"comment_status":"closed","ping_status":"open","template":"","meta":{"zakra_page_container_layout":"customizer","zakra_page_sidebar_layout":"customizer","zakra_remove_content_margin":false,"zakra_sidebar":"customizer","zakra_transparent_header":"customizer","zakra_logo":0,"zakra_main_header_style":"default","zakra_menu_item_color":"","zakra_menu_item_hover_color":"","zakra_menu_item_active_color":"","zakra_menu_active_style":"","zakra_page_header":true,"_coblocks_attr":"","_coblocks_dimensions":"","_coblocks_responsive_height":"","_coblocks_accordion_ie_support":"","_eb_attr":"","_uag_custom_page_level_css":"","footnotes":""},"class_list":["post-1342","page","type-page","status-publish","hentry"],"yoast_head":"<!-- This site is optimized with the Yoast SEO plugin v27.5 - https:\/\/yoast.com\/product\/yoast-seo-wordpress\/ -->\n<title>L&#039;origine des noms de rue - Cercle historique de Perwez<\/title>\n<meta name=\"description\" content=\"Canal Zoom en collaboration avec le Cercle historique de Perwez propose une s\u00e9rie de reportages sur l&#039;origine des noms de rue\" \/>\n<meta name=\"robots\" content=\"index, follow, max-snippet:-1, max-image-preview:large, max-video-preview:-1\" \/>\n<link rel=\"canonical\" href=\"https:\/\/souvenirperwezien.be\/l-origine-des-noms-de-rue\/\" \/>\n<meta property=\"og:locale\" content=\"fr_FR\" \/>\n<meta property=\"og:type\" content=\"article\" \/>\n<meta property=\"og:title\" content=\"L&#039;origine des noms de rue - Cercle historique de Perwez\" \/>\n<meta property=\"og:description\" content=\"Canal Zoom en collaboration avec le Cercle historique de Perwez propose une s\u00e9rie de reportages sur l&#039;origine des noms de rue\" \/>\n<meta property=\"og:url\" content=\"https:\/\/souvenirperwezien.be\/l-origine-des-noms-de-rue\/\" \/>\n<meta property=\"og:site_name\" content=\"Cercle historique de Perwez\" \/>\n<meta property=\"article:modified_time\" content=\"2025-08-27T20:28:29+00:00\" \/>\n<meta property=\"og:image\" content=\"https:\/\/souvenirperwezien.be\/\/\/\/\/\/\/\/wp-content\/uploads\/2024\/08\/Canal-Zoom-Logo-slogan.webp\" \/>\n<meta name=\"twitter:card\" content=\"summary_large_image\" \/>\n<meta name=\"twitter:label1\" content=\"Dur\u00e9e de lecture estim\u00e9e\" \/>\n\t<meta name=\"twitter:data1\" content=\"2 minutes\" \/>\n<script type=\"application\/ld+json\" class=\"yoast-schema-graph\">{\"@context\":\"https:\\\/\\\/schema.org\",\"@graph\":[{\"@type\":\"WebPage\",\"@id\":\"https:\\\/\\\/souvenirperwezien.be\\\/l-origine-des-noms-de-rue\\\/\",\"url\":\"https:\\\/\\\/souvenirperwezien.be\\\/l-origine-des-noms-de-rue\\\/\",\"name\":\"L'origine des noms de rue - Cercle historique de Perwez\",\"isPartOf\":{\"@id\":\"https:\\\/\\\/souvenirperwezien.be\\\/#website\"},\"primaryImageOfPage\":{\"@id\":\"https:\\\/\\\/souvenirperwezien.be\\\/l-origine-des-noms-de-rue\\\/#primaryimage\"},\"image\":{\"@id\":\"https:\\\/\\\/souvenirperwezien.be\\\/l-origine-des-noms-de-rue\\\/#primaryimage\"},\"thumbnailUrl\":\"https:\\\/\\\/souvenirperwezien.be\\\/ma-preprod\\\/\\\/\\\/\\\/\\\/\\\/\\\/\\\/wp-content\\\/uploads\\\/2024\\\/08\\\/Canal-Zoom-Logo-slogan.webp\",\"datePublished\":\"2024-08-20T13:42:37+00:00\",\"dateModified\":\"2025-08-27T20:28:29+00:00\",\"description\":\"Canal Zoom en collaboration avec le Cercle historique de Perwez propose une s\u00e9rie de reportages sur l'origine des noms de rue\",\"breadcrumb\":{\"@id\":\"https:\\\/\\\/souvenirperwezien.be\\\/l-origine-des-noms-de-rue\\\/#breadcrumb\"},\"inLanguage\":\"fr-FR\",\"potentialAction\":[{\"@type\":\"ReadAction\",\"target\":[\"https:\\\/\\\/souvenirperwezien.be\\\/l-origine-des-noms-de-rue\\\/\"]}]},{\"@type\":\"ImageObject\",\"inLanguage\":\"fr-FR\",\"@id\":\"https:\\\/\\\/souvenirperwezien.be\\\/l-origine-des-noms-de-rue\\\/#primaryimage\",\"url\":\"https:\\\/\\\/souvenirperwezien.be\\\/ma-preprod\\\/\\\/\\\/\\\/\\\/\\\/\\\/\\\/wp-content\\\/uploads\\\/2024\\\/08\\\/Canal-Zoom-Logo-slogan.webp\",\"contentUrl\":\"https:\\\/\\\/souvenirperwezien.be\\\/ma-preprod\\\/\\\/\\\/\\\/\\\/\\\/\\\/\\\/wp-content\\\/uploads\\\/2024\\\/08\\\/Canal-Zoom-Logo-slogan.webp\"},{\"@type\":\"BreadcrumbList\",\"@id\":\"https:\\\/\\\/souvenirperwezien.be\\\/l-origine-des-noms-de-rue\\\/#breadcrumb\",\"itemListElement\":[{\"@type\":\"ListItem\",\"position\":1,\"name\":\"Accueil\",\"item\":\"https:\\\/\\\/souvenirperwezien.be\\\/ma-preprod\\\/\"},{\"@type\":\"ListItem\",\"position\":2,\"name\":\"L&#8217;origine des noms de rue\"}]},{\"@type\":\"WebSite\",\"@id\":\"https:\\\/\\\/souvenirperwezien.be\\\/#website\",\"url\":\"https:\\\/\\\/souvenirperwezien.be\\\/\",\"name\":\"Cercle historique de Perwez\",\"description\":\"Mal\u00e8ves-Sainte-Marie-Wastines, Orbais, Thorembais-les-B\u00e9guines et Thorembais-Saint-Trond\",\"publisher\":{\"@id\":\"https:\\\/\\\/souvenirperwezien.be\\\/#organization\"},\"alternateName\":\"Souvenir Perw\u00e9zien\",\"potentialAction\":[{\"@type\":\"SearchAction\",\"target\":{\"@type\":\"EntryPoint\",\"urlTemplate\":\"https:\\\/\\\/souvenirperwezien.be\\\/?s={search_term_string}\"},\"query-input\":{\"@type\":\"PropertyValueSpecification\",\"valueRequired\":true,\"valueName\":\"search_term_string\"}}],\"inLanguage\":\"fr-FR\"},{\"@type\":\"Organization\",\"@id\":\"https:\\\/\\\/souvenirperwezien.be\\\/#organization\",\"name\":\"Cercle historique de Perwez\",\"alternateName\":\"Le Souvenir Perw\u00e9zien\",\"url\":\"https:\\\/\\\/souvenirperwezien.be\\\/\",\"logo\":{\"@type\":\"ImageObject\",\"inLanguage\":\"fr-FR\",\"@id\":\"https:\\\/\\\/souvenirperwezien.be\\\/#\\\/schema\\\/logo\\\/image\\\/\",\"url\":\"https:\\\/\\\/souvenirperwezien.be\\\/ma-preprod\\\/wp-content\\\/uploads\\\/2024\\\/04\\\/cropped-cropped-cropped-Souvenir-Perwezien-icone-micro-2.webp\",\"contentUrl\":\"https:\\\/\\\/souvenirperwezien.be\\\/ma-preprod\\\/wp-content\\\/uploads\\\/2024\\\/04\\\/cropped-cropped-cropped-Souvenir-Perwezien-icone-micro-2.webp\",\"width\":157,\"height\":203,\"caption\":\"Cercle historique de Perwez\"},\"image\":{\"@id\":\"https:\\\/\\\/souvenirperwezien.be\\\/#\\\/schema\\\/logo\\\/image\\\/\"}}]}<\/script>\n<!-- \/ Yoast SEO plugin. -->","yoast_head_json":{"title":"L'origine des noms de rue - Cercle historique de Perwez","description":"Canal Zoom en collaboration avec le Cercle historique de Perwez propose une s\u00e9rie de reportages sur l'origine des noms de rue","robots":{"index":"index","follow":"follow","max-snippet":"max-snippet:-1","max-image-preview":"max-image-preview:large","max-video-preview":"max-video-preview:-1"},"canonical":"https:\/\/souvenirperwezien.be\/l-origine-des-noms-de-rue\/","og_locale":"fr_FR","og_type":"article","og_title":"L'origine des noms de rue - Cercle historique de Perwez","og_description":"Canal Zoom en collaboration avec le Cercle historique de Perwez propose une s\u00e9rie de reportages sur l'origine des noms de rue","og_url":"https:\/\/souvenirperwezien.be\/l-origine-des-noms-de-rue\/","og_site_name":"Cercle historique de Perwez","article_modified_time":"2025-08-27T20:28:29+00:00","og_image":[{"url":"https:\/\/souvenirperwezien.be\/\/\/\/\/\/\/\/wp-content\/uploads\/2024\/08\/Canal-Zoom-Logo-slogan.webp","type":"","width":"","height":""}],"twitter_card":"summary_large_image","twitter_misc":{"Dur\u00e9e de lecture estim\u00e9e":"2 minutes"},"schema":{"@context":"https:\/\/schema.org","@graph":[{"@type":"WebPage","@id":"https:\/\/souvenirperwezien.be\/l-origine-des-noms-de-rue\/","url":"https:\/\/souvenirperwezien.be\/l-origine-des-noms-de-rue\/","name":"L'origine des noms de rue - Cercle historique de Perwez","isPartOf":{"@id":"https:\/\/souvenirperwezien.be\/#website"},"primaryImageOfPage":{"@id":"https:\/\/souvenirperwezien.be\/l-origine-des-noms-de-rue\/#primaryimage"},"image":{"@id":"https:\/\/souvenirperwezien.be\/l-origine-des-noms-de-rue\/#primaryimage"},"thumbnailUrl":"https:\/\/souvenirperwezien.be\/ma-preprod\/\/\/\/\/\/\/\/wp-content\/uploads\/2024\/08\/Canal-Zoom-Logo-slogan.webp","datePublished":"2024-08-20T13:42:37+00:00","dateModified":"2025-08-27T20:28:29+00:00","description":"Canal Zoom en collaboration avec le Cercle historique de Perwez propose une s\u00e9rie de reportages sur l'origine des noms de rue","breadcrumb":{"@id":"https:\/\/souvenirperwezien.be\/l-origine-des-noms-de-rue\/#breadcrumb"},"inLanguage":"fr-FR","potentialAction":[{"@type":"ReadAction","target":["https:\/\/souvenirperwezien.be\/l-origine-des-noms-de-rue\/"]}]},{"@type":"ImageObject","inLanguage":"fr-FR","@id":"https:\/\/souvenirperwezien.be\/l-origine-des-noms-de-rue\/#primaryimage","url":"https:\/\/souvenirperwezien.be\/ma-preprod\/\/\/\/\/\/\/\/wp-content\/uploads\/2024\/08\/Canal-Zoom-Logo-slogan.webp","contentUrl":"https:\/\/souvenirperwezien.be\/ma-preprod\/\/\/\/\/\/\/\/wp-content\/uploads\/2024\/08\/Canal-Zoom-Logo-slogan.webp"},{"@type":"BreadcrumbList","@id":"https:\/\/souvenirperwezien.be\/l-origine-des-noms-de-rue\/#breadcrumb","itemListElement":[{"@type":"ListItem","position":1,"name":"Accueil","item":"https:\/\/souvenirperwezien.be\/ma-preprod\/"},{"@type":"ListItem","position":2,"name":"L&#8217;origine des noms de rue"}]},{"@type":"WebSite","@id":"https:\/\/souvenirperwezien.be\/#website","url":"https:\/\/souvenirperwezien.be\/","name":"Cercle historique de Perwez","description":"Mal\u00e8ves-Sainte-Marie-Wastines, Orbais, Thorembais-les-B\u00e9guines et Thorembais-Saint-Trond","publisher":{"@id":"https:\/\/souvenirperwezien.be\/#organization"},"alternateName":"Souvenir Perw\u00e9zien","potentialAction":[{"@type":"SearchAction","target":{"@type":"EntryPoint","urlTemplate":"https:\/\/souvenirperwezien.be\/?s={search_term_string}"},"query-input":{"@type":"PropertyValueSpecification","valueRequired":true,"valueName":"search_term_string"}}],"inLanguage":"fr-FR"},{"@type":"Organization","@id":"https:\/\/souvenirperwezien.be\/#organization","name":"Cercle historique de Perwez","alternateName":"Le Souvenir Perw\u00e9zien","url":"https:\/\/souvenirperwezien.be\/","logo":{"@type":"ImageObject","inLanguage":"fr-FR","@id":"https:\/\/souvenirperwezien.be\/#\/schema\/logo\/image\/","url":"https:\/\/souvenirperwezien.be\/ma-preprod\/wp-content\/uploads\/2024\/04\/cropped-cropped-cropped-Souvenir-Perwezien-icone-micro-2.webp","contentUrl":"https:\/\/souvenirperwezien.be\/ma-preprod\/wp-content\/uploads\/2024\/04\/cropped-cropped-cropped-Souvenir-Perwezien-icone-micro-2.webp","width":157,"height":203,"caption":"Cercle historique de Perwez"},"image":{"@id":"https:\/\/souvenirperwezien.be\/#\/schema\/logo\/image\/"}}]}},"uagb_featured_image_src":{"full":false,"thumbnail":false,"medium":false,"medium_large":false,"large":false,"1536x1536":false,"2048x2048":false,"qi_addons_for_elementor_image_size_square":false,"qi_addons_for_elementor_image_size_landscape":false,"qi_addons_for_elementor_image_size_portrait":false,"qi_addons_for_elementor_image_size_huge-square":false},"uagb_author_info":{"display_name":"souvenirperwezien","author_link":"https:\/\/souvenirperwezien.be\/ma-preprod\/author\/souvenirperwezien\/"},"uagb_comment_info":0,"uagb_excerpt":"L&#8217;origine des noms de rue Vous \u00eates-vous\u00a0d\u00e9j\u00e0\u00a0demand\u00e9 : \u201cPourquoi\u00a0ce\u00a0nom\u00a0de\u00a0rue ?\u00a0Que\u00a0signifie-t-il ?\u201d\u00a0\u00a0Parfois, l&#8217;origine d&#8217; un nom de rue est \u00e9vident\u00a0tant\u00a0il est li\u00e9 \u00e0 la pr\u00e9sence visible d&#8217;un monument (rue de l&#8217;Eglise), ou il peut \u00e9voquer un village vers lequel m\u00e8ne le chemin (rue de Noville), ou encore la qualit\u00e9 des lieux\u00a0o\u00f9\u00a0elle\u00a0passe (rue\u00a0du\u00a0Marais),\u00a0mais\u00a0il y a en d\u2019autres\u00a0qui\u2026","_links":{"self":[{"href":"https:\/\/souvenirperwezien.be\/ma-preprod\/wp-json\/wp\/v2\/pages\/1342","targetHints":{"allow":["GET"]}}],"collection":[{"href":"https:\/\/souvenirperwezien.be\/ma-preprod\/wp-json\/wp\/v2\/pages"}],"about":[{"href":"https:\/\/souvenirperwezien.be\/ma-preprod\/wp-json\/wp\/v2\/types\/page"}],"author":[{"embeddable":true,"href":"https:\/\/souvenirperwezien.be\/ma-preprod\/wp-json\/wp\/v2\/users\/1"}],"replies":[{"embeddable":true,"href":"https:\/\/souvenirperwezien.be\/ma-preprod\/wp-json\/wp\/v2\/comments?post=1342"}],"version-history":[{"count":59,"href":"https:\/\/souvenirperwezien.be\/ma-preprod\/wp-json\/wp\/v2\/pages\/1342\/revisions"}],"predecessor-version":[{"id":2263,"href":"https:\/\/souvenirperwezien.be\/ma-preprod\/wp-json\/wp\/v2\/pages\/1342\/revisions\/2263"}],"wp:attachment":[{"href":"https:\/\/souvenirperwezien.be\/ma-preprod\/wp-json\/wp\/v2\/media?parent=1342"}],"curies":[{"name":"wp","href":"https:\/\/api.w.org\/{rel}","templated":true}]}}