{"id":163,"date":"2023-10-14T16:41:51","date_gmt":"2023-10-14T14:41:51","guid":{"rendered":"https:\/\/192.168.0.29\/wordpress\/?page_id=163"},"modified":"2025-08-28T00:07:29","modified_gmt":"2025-08-27T22:07:29","slug":"collections","status":"publish","type":"page","link":"https:\/\/souvenirperwezien.be\/ma-preprod\/collections\/","title":{"rendered":"Collections"},"content":{"rendered":"\t\t<div data-elementor-type=\"wp-page\" data-elementor-id=\"163\" class=\"elementor elementor-163\" data-elementor-settings=\"{&quot;ha_cmc_init_switcher&quot;:&quot;no&quot;}\">\n\t\t\t\t<div class=\"elementor-element elementor-element-21d7eba9 e-flex e-con-boxed e-con e-parent\" data-id=\"21d7eba9\" data-element_type=\"container\" data-e-type=\"container\" data-settings=\"{&quot;_ha_eqh_enable&quot;:false}\">\n\t\t\t\t\t<div class=\"e-con-inner\">\n\t\t<div class=\"elementor-element elementor-element-5f651f4 e-con-full e-flex e-con e-child\" data-id=\"5f651f4\" data-element_type=\"container\" data-e-type=\"container\" data-settings=\"{&quot;_ha_eqh_enable&quot;:false}\">\n\t\t\t\t<div class=\"elementor-element elementor-element-1102d31 elementor-widget elementor-widget-heading\" data-id=\"1102d31\" data-element_type=\"widget\" data-e-type=\"widget\" data-widget_type=\"heading.default\">\n\t\t\t\t<div class=\"elementor-widget-container\">\n\t\t\t\t\t<h2 class=\"elementor-heading-title elementor-size-default\">La collection du Cercle<\/h2>\t\t\t\t<\/div>\n\t\t\t\t<\/div>\n\t\t\t\t<\/div>\n\t\t<div class=\"elementor-element elementor-element-4a72d8a e-con-full e-flex e-con e-child\" data-id=\"4a72d8a\" data-element_type=\"container\" data-e-type=\"container\" data-settings=\"{&quot;_ha_eqh_enable&quot;:false}\">\n\t\t\t\t<div class=\"elementor-element elementor-element-341f9da elementor-widget elementor-widget-text-editor\" data-id=\"341f9da\" data-element_type=\"widget\" data-e-type=\"widget\" data-widget_type=\"text-editor.default\">\n\t\t\t\t<div class=\"elementor-widget-container\">\n\t\t\t\t\t\t\t\t\t<p>Au fil des ann\u00e9es, la collection interne du Cercle s&#8217;est \u00e9toff\u00e9e au gr\u00e9 des acquisitions et des dons; collection de livres et p\u00e9riodiques mais aussi de pr\u00e9cieux documents jamais publi\u00e9s.<\/p>\n<p><!-- \/wp:paragraph --><!-- wp:paragraph {\"style\":{\"spacing\":{\"margin\":{\"top\":\"0\",\"bottom\":\"0\",\"left\":\"0\",\"right\":\"0\"}}}} --><\/p>\n<p>Afin de faciliter ses recherches, le Cercle dispose \u00e9galement d&#8217;un ensemble de retranscriptions de documents anciens.<\/p>\n<p><!-- \/wp:paragraph --><!-- wp:paragraph --><\/p>\n<p>Tous ces \u00e9l\u00e9ments constituent une documentation riche que le Cercle met \u00e0 votre disposition.<\/p>\t\t\t\t\t\t\t\t<\/div>\n\t\t\t\t<\/div>\n\t\t<div class=\"elementor-element elementor-element-251f021 e-con-full e-flex e-con e-child\" data-id=\"251f021\" data-element_type=\"container\" data-e-type=\"container\" data-settings=\"{&quot;_ha_eqh_enable&quot;:false}\">\n\t\t\t\t<div class=\"elementor-element elementor-element-74819e9 elementor-widget elementor-widget-heading\" data-id=\"74819e9\" data-element_type=\"widget\" data-e-type=\"widget\" data-widget_type=\"heading.default\">\n\t\t\t\t<div class=\"elementor-widget-container\">\n\t\t\t\t\t<h4 class=\"elementor-heading-title elementor-size-default\">Recensement de la population des 7 villages op\u00e9r\u00e9 en 1796<\/h4>\t\t\t\t<\/div>\n\t\t\t\t<\/div>\n\t\t\t\t<\/div>\n\t\t\t\t<\/div>\n\t\t\t\t\t<\/div>\n\t\t\t\t<\/div>\n\t\t<div class=\"elementor-element elementor-element-5a59229 e-flex e-con-boxed e-con e-parent\" data-id=\"5a59229\" data-element_type=\"container\" data-e-type=\"container\" data-settings=\"{&quot;_ha_eqh_enable&quot;:false}\">\n\t\t\t\t\t<div class=\"e-con-inner\">\n\t\t<div class=\"elementor-element elementor-element-fb0cc3f e-con-full e-flex e-con e-child\" data-id=\"fb0cc3f\" data-element_type=\"container\" data-e-type=\"container\" data-settings=\"{&quot;_ha_eqh_enable&quot;:false}\">\n\t\t\t\t<\/div>\n\t\t<div class=\"elementor-element elementor-element-6b28e1b e-con-full e-flex e-con e-child\" data-id=\"6b28e1b\" data-element_type=\"container\" data-e-type=\"container\" data-settings=\"{&quot;_ha_eqh_enable&quot;:false}\">\n\t\t<div class=\"elementor-element elementor-element-25fabca e-con-full e-flex e-con e-child\" data-id=\"25fabca\" data-element_type=\"container\" data-e-type=\"container\" data-settings=\"{&quot;background_background&quot;:&quot;gradient&quot;,&quot;_ha_eqh_enable&quot;:false}\">\n\t\t\t\t<div class=\"elementor-element elementor-element-3828519 elementor-align-left elementor-widget__width-initial elementor-widget elementor-widget-elementskit-page-list\" data-id=\"3828519\" data-element_type=\"widget\" data-e-type=\"widget\" data-widget_type=\"elementskit-page-list.default\">\n\t\t\t\t<div class=\"elementor-widget-container\">\n\t\t\t\t\t<div class=\"ekit-wid-con\" >\t\t<div class=\"elementor-icon-list-items \">\n\t\t\t\t\t\t\t<div class=\"elementor-icon-list-item   \">\n\t\t\t\t\t\t<a class=\"elementor-repeater-item-39e5743 ekit_badge_left\" href=\"https:\/\/souvenirperwezien.be\/ma-preprod\/perwez-recensement-1796\/\">\n\t\t\t\t\t\t\t<div class=\"ekit_page_list_content\">\n\t\t\t\t\t\t\t\t\t\t\t\t\t\t\t\t\t<span class=\"elementor-icon-list-icon\">\n\t\t\t\t\t\t\t\t\t\t<i aria-hidden=\"true\" class=\"fas fa-chevron-right\"><\/i>\t\t\t\t\t\t\t\t\t<\/span>\n\t\t\t\t\t\t\t\t\t\t\t\t\t\t\t\t<span class=\"elementor-icon-list-text\">\n\t\t\t\t\t\t\t\t\t<span class=\"ekit_page_list_title_title\">Perwez<\/span>\n\t\t\t\t\t\t\t\t\t\t\t\t\t\t\t\t\t<\/span>\n\t\t\t\t\t\t\t<\/div>\n\t\t\t\t\t\t\t\t\t\t\t\t\t<\/a>\n\t\t\t\t\t<\/div>\n\t\t\t\t\t\t\t\t<div class=\"elementor-icon-list-item   \">\n\t\t\t\t\t\t<a class=\"elementor-repeater-item-9682722 ekit_badge_left\" href=\"https:\/\/souvenirperwezien.be\/ma-preprod\/tlb-recensement-1796\/\">\n\t\t\t\t\t\t\t<div class=\"ekit_page_list_content\">\n\t\t\t\t\t\t\t\t\t\t\t\t\t\t\t\t\t<span class=\"elementor-icon-list-icon\">\n\t\t\t\t\t\t\t\t\t\t<i aria-hidden=\"true\" class=\"fas fa-chevron-right\"><\/i>\t\t\t\t\t\t\t\t\t<\/span>\n\t\t\t\t\t\t\t\t\t\t\t\t\t\t\t\t<span class=\"elementor-icon-list-text\">\n\t\t\t\t\t\t\t\t\t<span class=\"ekit_page_list_title_title\">Thorembais-les-B\u00e9guines<\/span>\n\t\t\t\t\t\t\t\t\t\t\t\t\t\t\t\t\t<\/span>\n\t\t\t\t\t\t\t<\/div>\n\t\t\t\t\t\t\t\t\t\t\t\t\t<\/a>\n\t\t\t\t\t<\/div>\n\t\t\t\t\t\t\t\t<div class=\"elementor-icon-list-item   \">\n\t\t\t\t\t\t<a class=\"elementor-repeater-item-de073c7 ekit_badge_left\" href=\"https:\/\/souvenirperwezien.be\/ma-preprod\/maleves-recensement-1796\/\">\n\t\t\t\t\t\t\t<div class=\"ekit_page_list_content\">\n\t\t\t\t\t\t\t\t\t\t\t\t\t\t\t\t\t<span class=\"elementor-icon-list-icon\">\n\t\t\t\t\t\t\t\t\t\t<i aria-hidden=\"true\" class=\"fas fa-chevron-right\"><\/i>\t\t\t\t\t\t\t\t\t<\/span>\n\t\t\t\t\t\t\t\t\t\t\t\t\t\t\t\t<span class=\"elementor-icon-list-text\">\n\t\t\t\t\t\t\t\t\t<span class=\"ekit_page_list_title_title\">Mal\u00e8ves-Sainte-Marie-Wastines - Mal\u00e8ves<\/span>\n\t\t\t\t\t\t\t\t\t\t\t\t\t\t\t\t\t<\/span>\n\t\t\t\t\t\t\t<\/div>\n\t\t\t\t\t\t\t\t\t\t\t\t\t<\/a>\n\t\t\t\t\t<\/div>\n\t\t\t\t\t\t\t\t<div class=\"elementor-icon-list-item   \">\n\t\t\t\t\t\t<a class=\"elementor-repeater-item-8f09f87 ekit_badge_left\" href=\"https:\/\/souvenirperwezien.be\/ma-preprod\/sainte-marie-recensement-1796\/\">\n\t\t\t\t\t\t\t<div class=\"ekit_page_list_content\">\n\t\t\t\t\t\t\t\t\t\t\t\t\t\t\t\t\t<span class=\"elementor-icon-list-icon\">\n\t\t\t\t\t\t\t\t\t\t<i aria-hidden=\"true\" class=\"fas fa-chevron-right\"><\/i>\t\t\t\t\t\t\t\t\t<\/span>\n\t\t\t\t\t\t\t\t\t\t\t\t\t\t\t\t<span class=\"elementor-icon-list-text\">\n\t\t\t\t\t\t\t\t\t<span class=\"ekit_page_list_title_title\">Mal\u00e8ves-Sainte-Marie-Wastines - Sainte-Marie<\/span>\n\t\t\t\t\t\t\t\t\t\t\t\t\t\t\t\t\t<\/span>\n\t\t\t\t\t\t\t<\/div>\n\t\t\t\t\t\t\t\t\t\t\t\t\t<\/a>\n\t\t\t\t\t<\/div>\n\t\t\t\t\t\t\t\t<div class=\"elementor-icon-list-item   \">\n\t\t\t\t\t\t<a class=\"elementor-repeater-item-25b07e7 ekit_badge_left\" href=\"https:\/\/souvenirperwezien.be\/ma-preprod\/wastines-recensement-1796\/\">\n\t\t\t\t\t\t\t<div class=\"ekit_page_list_content\">\n\t\t\t\t\t\t\t\t\t\t\t\t\t\t\t\t\t<span class=\"elementor-icon-list-icon\">\n\t\t\t\t\t\t\t\t\t\t<i aria-hidden=\"true\" class=\"fas fa-chevron-right\"><\/i>\t\t\t\t\t\t\t\t\t<\/span>\n\t\t\t\t\t\t\t\t\t\t\t\t\t\t\t\t<span class=\"elementor-icon-list-text\">\n\t\t\t\t\t\t\t\t\t<span class=\"ekit_page_list_title_title\">Mal\u00e8ves-Sainte-Marie-Wastines - Wastines<\/span>\n\t\t\t\t\t\t\t\t\t\t\t\t\t\t\t\t\t<\/span>\n\t\t\t\t\t\t\t<\/div>\n\t\t\t\t\t\t\t\t\t\t\t\t\t<\/a>\n\t\t\t\t\t<\/div>\n\t\t\t\t\t\t\t\t<div class=\"elementor-icon-list-item   \">\n\t\t\t\t\t\t<a class=\"elementor-repeater-item-0b656b2 ekit_badge_left\" href=\"https:\/\/souvenirperwezien.be\/ma-preprod\/orbais-recensement-1796\/\">\n\t\t\t\t\t\t\t<div class=\"ekit_page_list_content\">\n\t\t\t\t\t\t\t\t\t\t\t\t\t\t\t\t\t<span class=\"elementor-icon-list-icon\">\n\t\t\t\t\t\t\t\t\t\t<i aria-hidden=\"true\" class=\"fas fa-chevron-right\"><\/i>\t\t\t\t\t\t\t\t\t<\/span>\n\t\t\t\t\t\t\t\t\t\t\t\t\t\t\t\t<span class=\"elementor-icon-list-text\">\n\t\t\t\t\t\t\t\t\t<span class=\"ekit_page_list_title_title\">Orbais<\/span>\n\t\t\t\t\t\t\t\t\t\t\t\t\t\t\t\t\t<\/span>\n\t\t\t\t\t\t\t<\/div>\n\t\t\t\t\t\t\t\t\t\t\t\t\t<\/a>\n\t\t\t\t\t<\/div>\n\t\t\t\t\t\t\t\t<div class=\"elementor-icon-list-item   \">\n\t\t\t\t\t\t<a class=\"elementor-repeater-item-5b9f135 ekit_badge_left\" href=\"https:\/\/souvenirperwezien.be\/ma-preprod\/tst-recensement-1796\/\">\n\t\t\t\t\t\t\t<div class=\"ekit_page_list_content\">\n\t\t\t\t\t\t\t\t\t\t\t\t\t\t\t\t\t<span class=\"elementor-icon-list-icon\">\n\t\t\t\t\t\t\t\t\t\t<i aria-hidden=\"true\" class=\"fas fa-chevron-right\"><\/i>\t\t\t\t\t\t\t\t\t<\/span>\n\t\t\t\t\t\t\t\t\t\t\t\t\t\t\t\t<span class=\"elementor-icon-list-text\">\n\t\t\t\t\t\t\t\t\t<span class=\"ekit_page_list_title_title\">Thorembais-Saint-Trond<\/span>\n\t\t\t\t\t\t\t\t\t\t\t\t\t\t\t\t\t<\/span>\n\t\t\t\t\t\t\t<\/div>\n\t\t\t\t\t\t\t\t\t\t\t\t\t<\/a>\n\t\t\t\t\t<\/div>\n\t\t\t\t\t\t<\/div>\n\t\t<\/div>\t\t\t\t<\/div>\n\t\t\t\t<\/div>\n\t\t\t\t<\/div>\n\t\t\t\t<\/div>\n\t\t<div class=\"elementor-element elementor-element-7604eee e-con-full e-flex e-con e-child\" data-id=\"7604eee\" data-element_type=\"container\" data-e-type=\"container\" data-settings=\"{&quot;_ha_eqh_enable&quot;:false}\">\n\t\t\t\t<\/div>\n\t\t\t\t\t<\/div>\n\t\t\t\t<\/div>\n\t\t\t\t<\/div>\n\t\t","protected":false},"excerpt":{"rendered":"<p>La collection du Cercle Au fil des ann\u00e9es, la collection interne du Cercle s&#8217;est \u00e9toff\u00e9e au gr\u00e9 des acquisitions et des dons; collection de livres et p\u00e9riodiques mais aussi de pr\u00e9cieux documents jamais publi\u00e9s. Afin de faciliter ses recherches, le Cercle dispose \u00e9galement d&#8217;un ensemble de retranscriptions de documents anciens. Tous ces \u00e9l\u00e9ments constituent une [&hellip;]<\/p>\n","protected":false},"author":1,"featured_media":0,"parent":0,"menu_order":0,"comment_status":"closed","ping_status":"closed","template":"","meta":{"zakra_page_container_layout":"customizer","zakra_page_sidebar_layout":"customizer","zakra_remove_content_margin":false,"zakra_sidebar":"customizer","zakra_transparent_header":"customizer","zakra_logo":0,"zakra_main_header_style":"default","zakra_menu_item_color":"","zakra_menu_item_hover_color":"","zakra_menu_item_active_color":"","zakra_menu_active_style":"","zakra_page_header":true,"_coblocks_attr":"","_coblocks_dimensions":"","_coblocks_responsive_height":"","_coblocks_accordion_ie_support":"","_eb_attr":"","_uag_custom_page_level_css":"","footnotes":""},"class_list":["post-163","page","type-page","status-publish","hentry"],"yoast_head":"<!-- This site is optimized with the Yoast SEO plugin v27.5 - https:\/\/yoast.com\/product\/yoast-seo-wordpress\/ -->\n<title>Collections - Cercle historique de Perwez<\/title>\n<meta name=\"description\" content=\"Cercle Historique de Perwez : collection disponible sur demande pour les recherches de nos abonn\u00e9s\" \/>\n<meta name=\"robots\" content=\"index, follow, max-snippet:-1, max-image-preview:large, max-video-preview:-1\" \/>\n<link rel=\"canonical\" href=\"https:\/\/souvenirperwezien.be\/collections\/\" \/>\n<meta property=\"og:locale\" content=\"fr_FR\" \/>\n<meta property=\"og:type\" content=\"article\" \/>\n<meta property=\"og:title\" content=\"Collections - Cercle historique de Perwez\" \/>\n<meta property=\"og:description\" content=\"Cercle Historique de Perwez : collection disponible sur demande pour les recherches de nos abonn\u00e9s\" \/>\n<meta property=\"og:url\" content=\"https:\/\/souvenirperwezien.be\/collections\/\" \/>\n<meta property=\"og:site_name\" content=\"Cercle historique de Perwez\" \/>\n<meta property=\"article:modified_time\" content=\"2025-08-27T22:07:29+00:00\" \/>\n<meta name=\"twitter:card\" content=\"summary_large_image\" \/>\n<meta name=\"twitter:label1\" content=\"Dur\u00e9e de lecture estim\u00e9e\" \/>\n\t<meta name=\"twitter:data1\" content=\"1 minute\" \/>\n<script type=\"application\/ld+json\" class=\"yoast-schema-graph\">{\"@context\":\"https:\\\/\\\/schema.org\",\"@graph\":[{\"@type\":[\"WebPage\",\"ItemPage\"],\"@id\":\"https:\\\/\\\/souvenirperwezien.be\\\/collections\\\/\",\"url\":\"https:\\\/\\\/souvenirperwezien.be\\\/collections\\\/\",\"name\":\"Collections - Cercle historique de Perwez\",\"isPartOf\":{\"@id\":\"https:\\\/\\\/souvenirperwezien.be\\\/#website\"},\"datePublished\":\"2023-10-14T14:41:51+00:00\",\"dateModified\":\"2025-08-27T22:07:29+00:00\",\"description\":\"Cercle Historique de Perwez : collection disponible sur demande pour les recherches de nos abonn\u00e9s\",\"breadcrumb\":{\"@id\":\"https:\\\/\\\/souvenirperwezien.be\\\/collections\\\/#breadcrumb\"},\"inLanguage\":\"fr-FR\",\"potentialAction\":[{\"@type\":\"ReadAction\",\"target\":[\"https:\\\/\\\/souvenirperwezien.be\\\/collections\\\/\"]}]},{\"@type\":\"BreadcrumbList\",\"@id\":\"https:\\\/\\\/souvenirperwezien.be\\\/collections\\\/#breadcrumb\",\"itemListElement\":[{\"@type\":\"ListItem\",\"position\":1,\"name\":\"Accueil\",\"item\":\"https:\\\/\\\/souvenirperwezien.be\\\/ma-preprod\\\/\"},{\"@type\":\"ListItem\",\"position\":2,\"name\":\"Collections\"}]},{\"@type\":\"WebSite\",\"@id\":\"https:\\\/\\\/souvenirperwezien.be\\\/#website\",\"url\":\"https:\\\/\\\/souvenirperwezien.be\\\/\",\"name\":\"Cercle historique de Perwez\",\"description\":\"Mal\u00e8ves-Sainte-Marie-Wastines, Orbais, Thorembais-les-B\u00e9guines et Thorembais-Saint-Trond\",\"publisher\":{\"@id\":\"https:\\\/\\\/souvenirperwezien.be\\\/#organization\"},\"alternateName\":\"Souvenir Perw\u00e9zien\",\"potentialAction\":[{\"@type\":\"SearchAction\",\"target\":{\"@type\":\"EntryPoint\",\"urlTemplate\":\"https:\\\/\\\/souvenirperwezien.be\\\/?s={search_term_string}\"},\"query-input\":{\"@type\":\"PropertyValueSpecification\",\"valueRequired\":true,\"valueName\":\"search_term_string\"}}],\"inLanguage\":\"fr-FR\"},{\"@type\":\"Organization\",\"@id\":\"https:\\\/\\\/souvenirperwezien.be\\\/#organization\",\"name\":\"Cercle historique de Perwez\",\"alternateName\":\"Le Souvenir Perw\u00e9zien\",\"url\":\"https:\\\/\\\/souvenirperwezien.be\\\/\",\"logo\":{\"@type\":\"ImageObject\",\"inLanguage\":\"fr-FR\",\"@id\":\"https:\\\/\\\/souvenirperwezien.be\\\/#\\\/schema\\\/logo\\\/image\\\/\",\"url\":\"https:\\\/\\\/souvenirperwezien.be\\\/ma-preprod\\\/wp-content\\\/uploads\\\/2024\\\/04\\\/cropped-cropped-cropped-Souvenir-Perwezien-icone-micro-2.webp\",\"contentUrl\":\"https:\\\/\\\/souvenirperwezien.be\\\/ma-preprod\\\/wp-content\\\/uploads\\\/2024\\\/04\\\/cropped-cropped-cropped-Souvenir-Perwezien-icone-micro-2.webp\",\"width\":157,\"height\":203,\"caption\":\"Cercle historique de Perwez\"},\"image\":{\"@id\":\"https:\\\/\\\/souvenirperwezien.be\\\/#\\\/schema\\\/logo\\\/image\\\/\"}}]}<\/script>\n<!-- \/ Yoast SEO plugin. -->","yoast_head_json":{"title":"Collections - Cercle historique de Perwez","description":"Cercle Historique de Perwez : collection disponible sur demande pour les recherches de nos abonn\u00e9s","robots":{"index":"index","follow":"follow","max-snippet":"max-snippet:-1","max-image-preview":"max-image-preview:large","max-video-preview":"max-video-preview:-1"},"canonical":"https:\/\/souvenirperwezien.be\/collections\/","og_locale":"fr_FR","og_type":"article","og_title":"Collections - Cercle historique de Perwez","og_description":"Cercle Historique de Perwez : collection disponible sur demande pour les recherches de nos abonn\u00e9s","og_url":"https:\/\/souvenirperwezien.be\/collections\/","og_site_name":"Cercle historique de Perwez","article_modified_time":"2025-08-27T22:07:29+00:00","twitter_card":"summary_large_image","twitter_misc":{"Dur\u00e9e de lecture estim\u00e9e":"1 minute"},"schema":{"@context":"https:\/\/schema.org","@graph":[{"@type":["WebPage","ItemPage"],"@id":"https:\/\/souvenirperwezien.be\/collections\/","url":"https:\/\/souvenirperwezien.be\/collections\/","name":"Collections - Cercle historique de Perwez","isPartOf":{"@id":"https:\/\/souvenirperwezien.be\/#website"},"datePublished":"2023-10-14T14:41:51+00:00","dateModified":"2025-08-27T22:07:29+00:00","description":"Cercle Historique de Perwez : collection disponible sur demande pour les recherches de nos abonn\u00e9s","breadcrumb":{"@id":"https:\/\/souvenirperwezien.be\/collections\/#breadcrumb"},"inLanguage":"fr-FR","potentialAction":[{"@type":"ReadAction","target":["https:\/\/souvenirperwezien.be\/collections\/"]}]},{"@type":"BreadcrumbList","@id":"https:\/\/souvenirperwezien.be\/collections\/#breadcrumb","itemListElement":[{"@type":"ListItem","position":1,"name":"Accueil","item":"https:\/\/souvenirperwezien.be\/ma-preprod\/"},{"@type":"ListItem","position":2,"name":"Collections"}]},{"@type":"WebSite","@id":"https:\/\/souvenirperwezien.be\/#website","url":"https:\/\/souvenirperwezien.be\/","name":"Cercle historique de Perwez","description":"Mal\u00e8ves-Sainte-Marie-Wastines, Orbais, Thorembais-les-B\u00e9guines et Thorembais-Saint-Trond","publisher":{"@id":"https:\/\/souvenirperwezien.be\/#organization"},"alternateName":"Souvenir Perw\u00e9zien","potentialAction":[{"@type":"SearchAction","target":{"@type":"EntryPoint","urlTemplate":"https:\/\/souvenirperwezien.be\/?s={search_term_string}"},"query-input":{"@type":"PropertyValueSpecification","valueRequired":true,"valueName":"search_term_string"}}],"inLanguage":"fr-FR"},{"@type":"Organization","@id":"https:\/\/souvenirperwezien.be\/#organization","name":"Cercle historique de Perwez","alternateName":"Le Souvenir Perw\u00e9zien","url":"https:\/\/souvenirperwezien.be\/","logo":{"@type":"ImageObject","inLanguage":"fr-FR","@id":"https:\/\/souvenirperwezien.be\/#\/schema\/logo\/image\/","url":"https:\/\/souvenirperwezien.be\/ma-preprod\/wp-content\/uploads\/2024\/04\/cropped-cropped-cropped-Souvenir-Perwezien-icone-micro-2.webp","contentUrl":"https:\/\/souvenirperwezien.be\/ma-preprod\/wp-content\/uploads\/2024\/04\/cropped-cropped-cropped-Souvenir-Perwezien-icone-micro-2.webp","width":157,"height":203,"caption":"Cercle historique de Perwez"},"image":{"@id":"https:\/\/souvenirperwezien.be\/#\/schema\/logo\/image\/"}}]}},"uagb_featured_image_src":{"full":false,"thumbnail":false,"medium":false,"medium_large":false,"large":false,"1536x1536":false,"2048x2048":false,"qi_addons_for_elementor_image_size_square":false,"qi_addons_for_elementor_image_size_landscape":false,"qi_addons_for_elementor_image_size_portrait":false,"qi_addons_for_elementor_image_size_huge-square":false},"uagb_author_info":{"display_name":"souvenirperwezien","author_link":"https:\/\/souvenirperwezien.be\/ma-preprod\/author\/souvenirperwezien\/"},"uagb_comment_info":0,"uagb_excerpt":"La collection du Cercle Au fil des ann\u00e9es, la collection interne du Cercle s&#8217;est \u00e9toff\u00e9e au gr\u00e9 des acquisitions et des dons; collection de livres et p\u00e9riodiques mais aussi de pr\u00e9cieux documents jamais publi\u00e9s. Afin de faciliter ses recherches, le Cercle dispose \u00e9galement d&#8217;un ensemble de retranscriptions de documents anciens. Tous ces \u00e9l\u00e9ments constituent une\u2026","_links":{"self":[{"href":"https:\/\/souvenirperwezien.be\/ma-preprod\/wp-json\/wp\/v2\/pages\/163","targetHints":{"allow":["GET"]}}],"collection":[{"href":"https:\/\/souvenirperwezien.be\/ma-preprod\/wp-json\/wp\/v2\/pages"}],"about":[{"href":"https:\/\/souvenirperwezien.be\/ma-preprod\/wp-json\/wp\/v2\/types\/page"}],"author":[{"embeddable":true,"href":"https:\/\/souvenirperwezien.be\/ma-preprod\/wp-json\/wp\/v2\/users\/1"}],"replies":[{"embeddable":true,"href":"https:\/\/souvenirperwezien.be\/ma-preprod\/wp-json\/wp\/v2\/comments?post=163"}],"version-history":[{"count":33,"href":"https:\/\/souvenirperwezien.be\/ma-preprod\/wp-json\/wp\/v2\/pages\/163\/revisions"}],"predecessor-version":[{"id":2327,"href":"https:\/\/souvenirperwezien.be\/ma-preprod\/wp-json\/wp\/v2\/pages\/163\/revisions\/2327"}],"wp:attachment":[{"href":"https:\/\/souvenirperwezien.be\/ma-preprod\/wp-json\/wp\/v2\/media?parent=163"}],"curies":[{"name":"wp","href":"https:\/\/api.w.org\/{rel}","templated":true}]}}