{"id":200,"date":"2023-10-14T17:46:29","date_gmt":"2023-10-14T15:46:29","guid":{"rendered":"https:\/\/192.168.0.29\/wordpress\/?page_id=200"},"modified":"2025-08-27T22:29:11","modified_gmt":"2025-08-27T20:29:11","slug":"liens-utiles","status":"publish","type":"page","link":"https:\/\/souvenirperwezien.be\/ma-preprod\/liens-utiles\/","title":{"rendered":"Liens utiles"},"content":{"rendered":"\t\t<div data-elementor-type=\"wp-page\" data-elementor-id=\"200\" class=\"elementor elementor-200\" data-elementor-settings=\"{&quot;ha_cmc_init_switcher&quot;:&quot;no&quot;}\">\n\t\t\t\t<div class=\"elementor-element elementor-element-40d1579 e-flex e-con-boxed e-con e-parent\" data-id=\"40d1579\" data-element_type=\"container\" data-e-type=\"container\" data-settings=\"{&quot;_ha_eqh_enable&quot;:false}\">\n\t\t\t\t\t<div class=\"e-con-inner\">\n\t\t\t\t<div class=\"elementor-element elementor-element-fcaba38 elementor-widget elementor-widget-heading\" data-id=\"fcaba38\" data-element_type=\"widget\" data-e-type=\"widget\" data-widget_type=\"heading.default\">\n\t\t\t\t<div class=\"elementor-widget-container\">\n\t\t\t\t\t<h2 class=\"elementor-heading-title elementor-size-default\">Quelques liens utiles ...<\/h2>\t\t\t\t<\/div>\n\t\t\t\t<\/div>\n\t\t\t\t\t<\/div>\n\t\t\t\t<\/div>\n\t\t<div class=\"elementor-element elementor-element-698cfbeb e-flex e-con-boxed e-con e-parent\" data-id=\"698cfbeb\" data-element_type=\"container\" data-e-type=\"container\" data-settings=\"{&quot;_ha_eqh_enable&quot;:false}\">\n\t\t\t\t\t<div class=\"e-con-inner\">\n\t\t\t\t<div class=\"elementor-element elementor-element-e7a14cc elementor-widget elementor-widget-html\" data-id=\"e7a14cc\" data-element_type=\"widget\" data-e-type=\"widget\" data-widget_type=\"html.default\">\n\t\t\t\t<div class=\"elementor-widget-container\">\n\t\t\t\t\t<div style=\"clear:both;\"><\/div><div id=\"gallery-wplf\" class=\"galleryid-wplf gallery-columns-5 wplf-display\"><figure id=\"gallery-item-0\" class=\"gallery-item wplf-item\">\r\n\t\t\t\t<div class=\"gallery-icon landscape\">\r\n\t\t\t\t<a class=\"wplf_link\" href=\"http:\/\/www.echarp.be\" target=\"_blank\">\r\n\t\t\t\t<img fetchpriority=\"high\" decoding=\"async\" width=\"500\" height=\"348\" src=\"https:\/\/souvenirperwezien.be\/ma-preprod\/wp-content\/uploads\/wp-links-page\/EntentedesCerclesdHistoireetdArchologieduRomanPasEcharp1697877031.jpg\" class=\"attachment-full size-full\" alt=\"\" style=\"box-shadow: 0 5px 10px 0 rgba(0,0,0,0.2),0 5px 15px 0 rgba(0,0,0,0.19);\" srcset=\"https:\/\/souvenirperwezien.be\/ma-preprod\/wp-content\/uploads\/wp-links-page\/EntentedesCerclesdHistoireetdArchologieduRomanPasEcharp1697877031.jpg 500w, https:\/\/souvenirperwezien.be\/ma-preprod\/wp-content\/uploads\/wp-links-page\/EntentedesCerclesdHistoireetdArchologieduRomanPasEcharp1697877031-300x209.jpg 300w\" sizes=\"(max-width: 500px) 100vw, 500px\" \/>\r\n\t\t\t\t<p class=\"wplf_display\" style=\"font-weight: bold; \" >Entente des Cercles d'Histoire et d'Arch\u00e9ologie du Roman Pa\u00efs (Echarp)<\/p>\r\n\t\t\t\t<p class=\"wplf_desc\" style=\"\"><\/p><\/a>\r\n\t\t\t\t<\/div>\r\n\t\t\t\t<\/figure><figure id=\"gallery-item-1\" class=\"gallery-item wplf-item\">\r\n\t\t\t\t<div class=\"gallery-icon landscape\">\r\n\t\t\t\t<a class=\"wplf_link\" href=\"https:\/\/www.arch.be\/index.php?l=fr\" target=\"_blank\">\r\n\t\t\t\t<img decoding=\"async\" width=\"500\" height=\"348\" src=\"https:\/\/souvenirperwezien.be\/ma-preprod\/wp-content\/uploads\/wp-links-page\/ArchivesduRoyaumeenBelgique1697877047.jpg\" class=\"attachment-full size-full\" alt=\"\" style=\"box-shadow: 0 5px 10px 0 rgba(0,0,0,0.2),0 5px 15px 0 rgba(0,0,0,0.19);\" srcset=\"https:\/\/souvenirperwezien.be\/ma-preprod\/wp-content\/uploads\/wp-links-page\/ArchivesduRoyaumeenBelgique1697877047.jpg 500w, https:\/\/souvenirperwezien.be\/ma-preprod\/wp-content\/uploads\/wp-links-page\/ArchivesduRoyaumeenBelgique1697877047-300x209.jpg 300w\" sizes=\"(max-width: 500px) 100vw, 500px\" \/>\r\n\t\t\t\t<p class=\"wplf_display\" style=\"font-weight: bold; \" >Archives du Royaume en Belgique<\/p>\r\n\t\t\t\t<p class=\"wplf_desc\" style=\"\">Archives du Royaume en Belgique<\/p><\/a>\r\n\t\t\t\t<\/div>\r\n\t\t\t\t<\/figure><figure id=\"gallery-item-2\" class=\"gallery-item wplf-item\">\r\n\t\t\t\t<div class=\"gallery-icon landscape\">\r\n\t\t\t\t<a class=\"wplf_link\" href=\"http:\/\/thorembais.be\/T_S-T\/Bienvenue.html\" target=\"_blank\">\r\n\t\t\t\t<img decoding=\"async\" width=\"500\" height=\"348\" src=\"https:\/\/souvenirperwezien.be\/ma-preprod\/wp-content\/uploads\/wp-links-page\/ThorembaisSaintTrondhieretaujourdhui1697877033.jpg\" class=\"attachment-full size-full\" alt=\"\" style=\"box-shadow: 0 5px 10px 0 rgba(0,0,0,0.2),0 5px 15px 0 rgba(0,0,0,0.19);\" srcset=\"https:\/\/souvenirperwezien.be\/ma-preprod\/wp-content\/uploads\/wp-links-page\/ThorembaisSaintTrondhieretaujourdhui1697877033.jpg 500w, https:\/\/souvenirperwezien.be\/ma-preprod\/wp-content\/uploads\/wp-links-page\/ThorembaisSaintTrondhieretaujourdhui1697877033-300x209.jpg 300w\" sizes=\"(max-width: 500px) 100vw, 500px\" \/>\r\n\t\t\t\t<p class=\"wplf_display\" style=\"font-weight: bold; \" >Thorembais-Saint-Trond hier et aujourd'hui<\/p>\r\n\t\t\t\t<p class=\"wplf_desc\" style=\"\"><\/p><\/a>\r\n\t\t\t\t<\/div>\r\n\t\t\t\t<\/figure><figure id=\"gallery-item-3\" class=\"gallery-item wplf-item\">\r\n\t\t\t\t<div class=\"gallery-icon landscape\">\r\n\t\t\t\t<a class=\"wplf_link\" href=\"http:\/\/www.museedusouvenir.be\/\" target=\"_blank\">\r\n\t\t\t\t<img loading=\"lazy\" decoding=\"async\" width=\"500\" height=\"348\" src=\"https:\/\/souvenirperwezien.be\/ma-preprod\/wp-content\/uploads\/wp-links-page\/MuseduSouvenir4045MalvesSainteMarieWastines1697877034.jpg\" class=\"attachment-full size-full\" alt=\"\" style=\"box-shadow: 0 5px 10px 0 rgba(0,0,0,0.2),0 5px 15px 0 rgba(0,0,0,0.19);\" srcset=\"https:\/\/souvenirperwezien.be\/ma-preprod\/wp-content\/uploads\/wp-links-page\/MuseduSouvenir4045MalvesSainteMarieWastines1697877034.jpg 500w, https:\/\/souvenirperwezien.be\/ma-preprod\/wp-content\/uploads\/wp-links-page\/MuseduSouvenir4045MalvesSainteMarieWastines1697877034-300x209.jpg 300w\" sizes=\"(max-width: 500px) 100vw, 500px\" \/>\r\n\t\t\t\t<p class=\"wplf_display\" style=\"font-weight: bold; \" >Mus\u00e9e du Souvenir 40\/45 (Mal\u00e8ves-Sainte-Marie-Wastines)<\/p>\r\n\t\t\t\t<p class=\"wplf_desc\" style=\"\"><\/p><\/a>\r\n\t\t\t\t<\/div>\r\n\t\t\t\t<\/figure><figure id=\"gallery-item-4\" class=\"gallery-item wplf-item\">\r\n\t\t\t\t<div class=\"gallery-icon landscape\">\r\n\t\t\t\t<a class=\"wplf_link\" href=\"https:\/\/www.facebook.com\/groups\/1482521111965317\/\" target=\"_blank\">\r\n\t\t\t\t<img loading=\"lazy\" decoding=\"async\" width=\"2529\" height=\"1339\" src=\"https:\/\/souvenirperwezien.be\/ma-preprod\/wp-content\/uploads\/2023\/10\/groupe-facebook-tesunvraiperweziensi.png\" class=\"attachment-full size-full\" alt=\"\" style=\"box-shadow: 0 5px 10px 0 rgba(0,0,0,0.2),0 5px 15px 0 rgba(0,0,0,0.19);\" srcset=\"https:\/\/souvenirperwezien.be\/ma-preprod\/wp-content\/uploads\/2023\/10\/groupe-facebook-tesunvraiperweziensi.png 2529w, https:\/\/souvenirperwezien.be\/ma-preprod\/wp-content\/uploads\/2023\/10\/groupe-facebook-tesunvraiperweziensi-300x159.png 300w, https:\/\/souvenirperwezien.be\/ma-preprod\/wp-content\/uploads\/2023\/10\/groupe-facebook-tesunvraiperweziensi-1024x542.png 1024w, https:\/\/souvenirperwezien.be\/ma-preprod\/wp-content\/uploads\/2023\/10\/groupe-facebook-tesunvraiperweziensi-768x407.png 768w, https:\/\/souvenirperwezien.be\/ma-preprod\/wp-content\/uploads\/2023\/10\/groupe-facebook-tesunvraiperweziensi-1536x813.png 1536w, https:\/\/souvenirperwezien.be\/ma-preprod\/wp-content\/uploads\/2023\/10\/groupe-facebook-tesunvraiperweziensi-2048x1084.png 2048w\" sizes=\"(max-width: 2529px) 100vw, 2529px\" \/>\r\n\t\t\t\t<p class=\"wplf_display\" style=\"font-weight: bold; \" >Groupe Facebook T'es un vrai Perw\u00e9zien si...<\/p>\r\n\t\t\t\t<p class=\"wplf_desc\" style=\"\"><\/p><\/a>\r\n\t\t\t\t<\/div>\r\n\t\t\t\t<\/figure><figure id=\"gallery-item-5\" class=\"gallery-item wplf-item\">\r\n\t\t\t\t<div class=\"gallery-icon landscape\">\r\n\t\t\t\t<a class=\"wplf_link\" href=\"http:\/\/www.crahg.be\/\" target=\"_blank\">\r\n\t\t\t\t<img loading=\"lazy\" decoding=\"async\" width=\"500\" height=\"348\" src=\"https:\/\/souvenirperwezien.be\/ma-preprod\/wp-content\/uploads\/wp-links-page\/CercleRoyalArtetHistoiredeGembloux1697877038.jpg\" class=\"attachment-full size-full\" alt=\"\" style=\"box-shadow: 0 5px 10px 0 rgba(0,0,0,0.2),0 5px 15px 0 rgba(0,0,0,0.19);\" srcset=\"https:\/\/souvenirperwezien.be\/ma-preprod\/wp-content\/uploads\/wp-links-page\/CercleRoyalArtetHistoiredeGembloux1697877038.jpg 500w, https:\/\/souvenirperwezien.be\/ma-preprod\/wp-content\/uploads\/wp-links-page\/CercleRoyalArtetHistoiredeGembloux1697877038-300x209.jpg 300w\" sizes=\"(max-width: 500px) 100vw, 500px\" \/>\r\n\t\t\t\t<p class=\"wplf_display\" style=\"font-weight: bold; \" >Cercle Royal Art et Histoire de Gembloux<\/p>\r\n\t\t\t\t<p class=\"wplf_desc\" style=\"\"><\/p><\/a>\r\n\t\t\t\t<\/div>\r\n\t\t\t\t<\/figure><figure id=\"gallery-item-6\" class=\"gallery-item wplf-item\">\r\n\t\t\t\t<div class=\"gallery-icon landscape\">\r\n\t\t\t\t<a class=\"wplf_link\" href=\"https:\/\/www.oghb.be\" target=\"_blank\">\r\n\t\t\t\t<img loading=\"lazy\" decoding=\"async\" width=\"500\" height=\"348\" src=\"https:\/\/souvenirperwezien.be\/ma-preprod\/wp-content\/uploads\/wp-links-page\/OfficeGnalogiqueetHraldiquedeBelgique1697877048.jpg\" class=\"attachment-full size-full\" alt=\"\" style=\"box-shadow: 0 5px 10px 0 rgba(0,0,0,0.2),0 5px 15px 0 rgba(0,0,0,0.19);\" srcset=\"https:\/\/souvenirperwezien.be\/ma-preprod\/wp-content\/uploads\/wp-links-page\/OfficeGnalogiqueetHraldiquedeBelgique1697877048.jpg 500w, https:\/\/souvenirperwezien.be\/ma-preprod\/wp-content\/uploads\/wp-links-page\/OfficeGnalogiqueetHraldiquedeBelgique1697877048-300x209.jpg 300w\" sizes=\"(max-width: 500px) 100vw, 500px\" \/>\r\n\t\t\t\t<p class=\"wplf_display\" style=\"font-weight: bold; \" >Office G\u00e9n\u00e9alogique et H\u00e9raldique de Belgique<\/p>\r\n\t\t\t\t<p class=\"wplf_desc\" style=\"\"><\/p><\/a>\r\n\t\t\t\t<\/div>\r\n\t\t\t\t<\/figure><figure id=\"gallery-item-7\" class=\"gallery-item wplf-item\">\r\n\t\t\t\t<div class=\"gallery-icon landscape\">\r\n\t\t\t\t<a class=\"wplf_link\" href=\"http:\/\/www.cerclehistoriquedejodoigne.sitew.be\/\" target=\"_blank\">\r\n\t\t\t\t<img loading=\"lazy\" decoding=\"async\" width=\"500\" height=\"348\" src=\"https:\/\/souvenirperwezien.be\/ma-preprod\/wp-content\/uploads\/wp-links-page\/CerclehistoriquedeJodoigne1697877350.jpg\" class=\"attachment-full size-full\" alt=\"\" style=\"box-shadow: 0 5px 10px 0 rgba(0,0,0,0.2),0 5px 15px 0 rgba(0,0,0,0.19);\" srcset=\"https:\/\/souvenirperwezien.be\/ma-preprod\/wp-content\/uploads\/wp-links-page\/CerclehistoriquedeJodoigne1697877350.jpg 500w, https:\/\/souvenirperwezien.be\/ma-preprod\/wp-content\/uploads\/wp-links-page\/CerclehistoriquedeJodoigne1697877350-300x209.jpg 300w\" sizes=\"(max-width: 500px) 100vw, 500px\" \/>\r\n\t\t\t\t<p class=\"wplf_display\" style=\"font-weight: bold; \" >Cercle historique de Jodoigne<\/p>\r\n\t\t\t\t<p class=\"wplf_desc\" style=\"\"><\/p><\/a>\r\n\t\t\t\t<\/div>\r\n\t\t\t\t<\/figure><figure id=\"gallery-item-8\" class=\"gallery-item wplf-item\">\r\n\t\t\t\t<div class=\"gallery-icon landscape\">\r\n\t\t\t\t<a class=\"wplf_link\" href=\"http:\/\/www.maleves.be\/\" target=\"_blank\">\r\n\t\t\t\t<img loading=\"lazy\" decoding=\"async\" width=\"500\" height=\"348\" src=\"https:\/\/souvenirperwezien.be\/ma-preprod\/wp-content\/uploads\/wp-links-page\/MalvesCollecteurdimagespasseurdemmoire1697877456.jpg\" class=\"attachment-full size-full\" alt=\"\" style=\"box-shadow: 0 5px 10px 0 rgba(0,0,0,0.2),0 5px 15px 0 rgba(0,0,0,0.19);\" srcset=\"https:\/\/souvenirperwezien.be\/ma-preprod\/wp-content\/uploads\/wp-links-page\/MalvesCollecteurdimagespasseurdemmoire1697877456.jpg 500w, https:\/\/souvenirperwezien.be\/ma-preprod\/wp-content\/uploads\/wp-links-page\/MalvesCollecteurdimagespasseurdemmoire1697877456-300x209.jpg 300w\" sizes=\"(max-width: 500px) 100vw, 500px\" \/>\r\n\t\t\t\t<p class=\"wplf_display\" style=\"font-weight: bold; \" >Mal\u00e8ves - Collecteur d'images passeur de m\u00e9moire...<\/p>\r\n\t\t\t\t<p class=\"wplf_desc\" style=\"\"><\/p><\/a>\r\n\t\t\t\t<\/div>\r\n\t\t\t\t<\/figure><figure id=\"gallery-item-9\" class=\"gallery-item wplf-item\">\r\n\t\t\t\t<div class=\"gallery-icon landscape\">\r\n\t\t\t\t<a class=\"wplf_link\" href=\"https:\/\/www.perwez.be\/\" target=\"_blank\">\r\n\t\t\t\t<img loading=\"lazy\" decoding=\"async\" width=\"500\" height=\"348\" src=\"https:\/\/souvenirperwezien.be\/ma-preprod\/wp-content\/uploads\/wp-links-page\/CommunedePerwezsiteofficiel1697877551.jpg\" class=\"attachment-full size-full\" alt=\"\" style=\"box-shadow: 0 5px 10px 0 rgba(0,0,0,0.2),0 5px 15px 0 rgba(0,0,0,0.19);\" srcset=\"https:\/\/souvenirperwezien.be\/ma-preprod\/wp-content\/uploads\/wp-links-page\/CommunedePerwezsiteofficiel1697877551.jpg 500w, https:\/\/souvenirperwezien.be\/ma-preprod\/wp-content\/uploads\/wp-links-page\/CommunedePerwezsiteofficiel1697877551-300x209.jpg 300w\" sizes=\"(max-width: 500px) 100vw, 500px\" \/>\r\n\t\t\t\t<p class=\"wplf_display\" style=\"font-weight: bold; \" >Commune de Perwez : site officiel<\/p>\r\n\t\t\t\t<p class=\"wplf_desc\" style=\"\"><\/p><\/a>\r\n\t\t\t\t<\/div>\r\n\t\t\t\t<\/figure><figure id=\"gallery-item-10\" class=\"gallery-item wplf-item\">\r\n\t\t\t\t<div class=\"gallery-icon landscape\">\r\n\t\t\t\t<a class=\"wplf_link\" href=\"https:\/\/www.chawavre.org\/\" target=\"_blank\">\r\n\t\t\t\t<img loading=\"lazy\" decoding=\"async\" width=\"500\" height=\"348\" src=\"https:\/\/souvenirperwezien.be\/ma-preprod\/wp-content\/uploads\/wp-links-page\/LeCercledHistoiredArchologieetdeGnalogiedeWavreetduBrabantwallon1697877672.jpg\" class=\"attachment-full size-full\" alt=\"\" style=\"box-shadow: 0 5px 10px 0 rgba(0,0,0,0.2),0 5px 15px 0 rgba(0,0,0,0.19);\" srcset=\"https:\/\/souvenirperwezien.be\/ma-preprod\/wp-content\/uploads\/wp-links-page\/LeCercledHistoiredArchologieetdeGnalogiedeWavreetduBrabantwallon1697877672.jpg 500w, https:\/\/souvenirperwezien.be\/ma-preprod\/wp-content\/uploads\/wp-links-page\/LeCercledHistoiredArchologieetdeGnalogiedeWavreetduBrabantwallon1697877672-300x209.jpg 300w\" sizes=\"(max-width: 500px) 100vw, 500px\" \/>\r\n\t\t\t\t<p class=\"wplf_display\" style=\"font-weight: bold; \" >Le Cercle d\u2019Histoire, d\u2019Arch\u00e9ologie et de G\u00e9n\u00e9alogie de Wavre et du Brabant wallon<\/p>\r\n\t\t\t\t<p class=\"wplf_desc\" style=\"\"><\/p><\/a>\r\n\t\t\t\t<\/div>\r\n\t\t\t\t<\/figure><figure id=\"gallery-item-11\" class=\"gallery-item wplf-item\">\r\n\t\t\t\t<div class=\"gallery-icon landscape\">\r\n\t\t\t\t<a class=\"wplf_link\" href=\"https:\/\/netradyle.be\/\" target=\"_blank\">\r\n\t\t\t\t<img loading=\"lazy\" decoding=\"async\" width=\"500\" height=\"348\" src=\"https:\/\/souvenirperwezien.be\/ma-preprod\/wp-content\/uploads\/wp-links-page\/CercledhistoireetdegnalogiedeBeauvechainetGrezDoiceau1697877817.jpg\" class=\"attachment-full size-full\" alt=\"\" style=\"box-shadow: 0 5px 10px 0 rgba(0,0,0,0.2),0 5px 15px 0 rgba(0,0,0,0.19);\" srcset=\"https:\/\/souvenirperwezien.be\/ma-preprod\/wp-content\/uploads\/wp-links-page\/CercledhistoireetdegnalogiedeBeauvechainetGrezDoiceau1697877817.jpg 500w, https:\/\/souvenirperwezien.be\/ma-preprod\/wp-content\/uploads\/wp-links-page\/CercledhistoireetdegnalogiedeBeauvechainetGrezDoiceau1697877817-300x209.jpg 300w\" sizes=\"(max-width: 500px) 100vw, 500px\" \/>\r\n\t\t\t\t<p class=\"wplf_display\" style=\"font-weight: bold; \" >Cercle d'histoire et de g\u00e9n\u00e9alogie de Beauvechain et Grez-Doiceau<\/p>\r\n\t\t\t\t<p class=\"wplf_desc\" style=\"\"><\/p><\/a>\r\n\t\t\t\t<\/div>\r\n\t\t\t\t<\/figure><figure id=\"gallery-item-12\" class=\"gallery-item wplf-item\">\r\n\t\t\t\t<div class=\"gallery-icon landscape\">\r\n\t\t\t\t<a class=\"wplf_link\" href=\"https:\/\/sites.google.com\/site\/atelierdegenealogiedeorpjauche\/accueil\" target=\"_blank\">\r\n\t\t\t\t<img loading=\"lazy\" decoding=\"async\" width=\"500\" height=\"348\" src=\"https:\/\/souvenirperwezien.be\/ma-preprod\/wp-content\/uploads\/wp-links-page\/httpssitesgooglecomsiteatelierdegenealogiedeorpjaucheaccueil1727367448.jpg\" class=\"attachment-full size-full\" alt=\"\" style=\"box-shadow: 0 5px 10px 0 rgba(0,0,0,0.2),0 5px 15px 0 rgba(0,0,0,0.19);\" srcset=\"https:\/\/souvenirperwezien.be\/ma-preprod\/wp-content\/uploads\/wp-links-page\/httpssitesgooglecomsiteatelierdegenealogiedeorpjaucheaccueil1727367448.jpg 500w, https:\/\/souvenirperwezien.be\/ma-preprod\/wp-content\/uploads\/wp-links-page\/httpssitesgooglecomsiteatelierdegenealogiedeorpjaucheaccueil1727367448-300x209.jpg 300w\" sizes=\"(max-width: 500px) 100vw, 500px\" \/>\r\n\t\t\t\t<p class=\"wplf_display\" style=\"font-weight: bold; \" >L'Atelier de G\u00e9n\u00e9alogie de Orp-Jauche.<\/p>\r\n\t\t\t\t<p class=\"wplf_desc\" style=\"\"><\/p><\/a>\r\n\t\t\t\t<\/div>\r\n\t\t\t\t<\/figure><\/div><div style=\"clear:both;\"><\/div>\t\t\t\t<\/div>\n\t\t\t\t<\/div>\n\t\t\t\t\t<\/div>\n\t\t\t\t<\/div>\n\t\t\t\t<\/div>\n\t\t","protected":false},"excerpt":{"rendered":"<p>Quelques liens utiles &#8230;<\/p>\n","protected":false},"author":1,"featured_media":0,"parent":0,"menu_order":0,"comment_status":"closed","ping_status":"open","template":"","meta":{"zakra_page_container_layout":"customizer","zakra_page_sidebar_layout":"customizer","zakra_remove_content_margin":false,"zakra_sidebar":"customizer","zakra_transparent_header":"customizer","zakra_logo":0,"zakra_main_header_style":"default","zakra_menu_item_color":"","zakra_menu_item_hover_color":"","zakra_menu_item_active_color":"","zakra_menu_active_style":"","zakra_page_header":true,"_coblocks_attr":"","_coblocks_dimensions":"","_coblocks_responsive_height":"","_coblocks_accordion_ie_support":"","_eb_attr":"","_uag_custom_page_level_css":"","footnotes":""},"class_list":["post-200","page","type-page","status-publish","hentry"],"yoast_head":"<!-- This site is optimized with the Yoast SEO plugin v27.5 - https:\/\/yoast.com\/product\/yoast-seo-wordpress\/ -->\n<title>Liens utiles - Cercle historique de Perwez<\/title>\n<meta name=\"description\" content=\"Cercle Historique de Perwez : liens vers des sites d&#039;int\u00e9r\u00eat pour l&#039;histoire locale\" \/>\n<meta name=\"robots\" content=\"index, follow, max-snippet:-1, max-image-preview:large, max-video-preview:-1\" \/>\n<link rel=\"canonical\" href=\"https:\/\/souvenirperwezien.be\/liens-utiles\/\" \/>\n<meta property=\"og:locale\" content=\"fr_FR\" \/>\n<meta property=\"og:type\" content=\"article\" \/>\n<meta property=\"og:title\" content=\"Liens utiles - Cercle historique de Perwez\" \/>\n<meta property=\"og:description\" content=\"Cercle Historique de Perwez : liens vers des sites d&#039;int\u00e9r\u00eat pour l&#039;histoire locale\" \/>\n<meta property=\"og:url\" content=\"https:\/\/souvenirperwezien.be\/liens-utiles\/\" \/>\n<meta property=\"og:site_name\" content=\"Cercle historique de Perwez\" \/>\n<meta property=\"article:modified_time\" content=\"2025-08-27T20:29:11+00:00\" \/>\n<meta name=\"twitter:card\" content=\"summary_large_image\" \/>\n<meta name=\"twitter:label1\" content=\"Dur\u00e9e de lecture estim\u00e9e\" \/>\n\t<meta name=\"twitter:data1\" content=\"1 minute\" \/>\n<script type=\"application\/ld+json\" class=\"yoast-schema-graph\">{\"@context\":\"https:\\\/\\\/schema.org\",\"@graph\":[{\"@type\":\"WebPage\",\"@id\":\"https:\\\/\\\/souvenirperwezien.be\\\/liens-utiles\\\/\",\"url\":\"https:\\\/\\\/souvenirperwezien.be\\\/liens-utiles\\\/\",\"name\":\"Liens utiles - Cercle historique de Perwez\",\"isPartOf\":{\"@id\":\"https:\\\/\\\/souvenirperwezien.be\\\/#website\"},\"datePublished\":\"2023-10-14T15:46:29+00:00\",\"dateModified\":\"2025-08-27T20:29:11+00:00\",\"description\":\"Cercle Historique de Perwez : liens vers des sites d'int\u00e9r\u00eat pour l'histoire locale\",\"breadcrumb\":{\"@id\":\"https:\\\/\\\/souvenirperwezien.be\\\/liens-utiles\\\/#breadcrumb\"},\"inLanguage\":\"fr-FR\",\"potentialAction\":[{\"@type\":\"ReadAction\",\"target\":[\"https:\\\/\\\/souvenirperwezien.be\\\/liens-utiles\\\/\"]}]},{\"@type\":\"BreadcrumbList\",\"@id\":\"https:\\\/\\\/souvenirperwezien.be\\\/liens-utiles\\\/#breadcrumb\",\"itemListElement\":[{\"@type\":\"ListItem\",\"position\":1,\"name\":\"Accueil\",\"item\":\"https:\\\/\\\/souvenirperwezien.be\\\/ma-preprod\\\/\"},{\"@type\":\"ListItem\",\"position\":2,\"name\":\"Liens utiles\"}]},{\"@type\":\"WebSite\",\"@id\":\"https:\\\/\\\/souvenirperwezien.be\\\/#website\",\"url\":\"https:\\\/\\\/souvenirperwezien.be\\\/\",\"name\":\"Cercle historique de Perwez\",\"description\":\"Mal\u00e8ves-Sainte-Marie-Wastines, Orbais, Thorembais-les-B\u00e9guines et Thorembais-Saint-Trond\",\"publisher\":{\"@id\":\"https:\\\/\\\/souvenirperwezien.be\\\/#organization\"},\"alternateName\":\"Souvenir Perw\u00e9zien\",\"potentialAction\":[{\"@type\":\"SearchAction\",\"target\":{\"@type\":\"EntryPoint\",\"urlTemplate\":\"https:\\\/\\\/souvenirperwezien.be\\\/?s={search_term_string}\"},\"query-input\":{\"@type\":\"PropertyValueSpecification\",\"valueRequired\":true,\"valueName\":\"search_term_string\"}}],\"inLanguage\":\"fr-FR\"},{\"@type\":\"Organization\",\"@id\":\"https:\\\/\\\/souvenirperwezien.be\\\/#organization\",\"name\":\"Cercle historique de Perwez\",\"alternateName\":\"Le Souvenir Perw\u00e9zien\",\"url\":\"https:\\\/\\\/souvenirperwezien.be\\\/\",\"logo\":{\"@type\":\"ImageObject\",\"inLanguage\":\"fr-FR\",\"@id\":\"https:\\\/\\\/souvenirperwezien.be\\\/#\\\/schema\\\/logo\\\/image\\\/\",\"url\":\"https:\\\/\\\/souvenirperwezien.be\\\/ma-preprod\\\/wp-content\\\/uploads\\\/2024\\\/04\\\/cropped-cropped-cropped-Souvenir-Perwezien-icone-micro-2.webp\",\"contentUrl\":\"https:\\\/\\\/souvenirperwezien.be\\\/ma-preprod\\\/wp-content\\\/uploads\\\/2024\\\/04\\\/cropped-cropped-cropped-Souvenir-Perwezien-icone-micro-2.webp\",\"width\":157,\"height\":203,\"caption\":\"Cercle historique de Perwez\"},\"image\":{\"@id\":\"https:\\\/\\\/souvenirperwezien.be\\\/#\\\/schema\\\/logo\\\/image\\\/\"}}]}<\/script>\n<!-- \/ Yoast SEO plugin. -->","yoast_head_json":{"title":"Liens utiles - Cercle historique de Perwez","description":"Cercle Historique de Perwez : liens vers des sites d'int\u00e9r\u00eat pour l'histoire locale","robots":{"index":"index","follow":"follow","max-snippet":"max-snippet:-1","max-image-preview":"max-image-preview:large","max-video-preview":"max-video-preview:-1"},"canonical":"https:\/\/souvenirperwezien.be\/liens-utiles\/","og_locale":"fr_FR","og_type":"article","og_title":"Liens utiles - Cercle historique de Perwez","og_description":"Cercle Historique de Perwez : liens vers des sites d'int\u00e9r\u00eat pour l'histoire locale","og_url":"https:\/\/souvenirperwezien.be\/liens-utiles\/","og_site_name":"Cercle historique de Perwez","article_modified_time":"2025-08-27T20:29:11+00:00","twitter_card":"summary_large_image","twitter_misc":{"Dur\u00e9e de lecture estim\u00e9e":"1 minute"},"schema":{"@context":"https:\/\/schema.org","@graph":[{"@type":"WebPage","@id":"https:\/\/souvenirperwezien.be\/liens-utiles\/","url":"https:\/\/souvenirperwezien.be\/liens-utiles\/","name":"Liens utiles - Cercle historique de Perwez","isPartOf":{"@id":"https:\/\/souvenirperwezien.be\/#website"},"datePublished":"2023-10-14T15:46:29+00:00","dateModified":"2025-08-27T20:29:11+00:00","description":"Cercle Historique de Perwez : liens vers des sites d'int\u00e9r\u00eat pour l'histoire locale","breadcrumb":{"@id":"https:\/\/souvenirperwezien.be\/liens-utiles\/#breadcrumb"},"inLanguage":"fr-FR","potentialAction":[{"@type":"ReadAction","target":["https:\/\/souvenirperwezien.be\/liens-utiles\/"]}]},{"@type":"BreadcrumbList","@id":"https:\/\/souvenirperwezien.be\/liens-utiles\/#breadcrumb","itemListElement":[{"@type":"ListItem","position":1,"name":"Accueil","item":"https:\/\/souvenirperwezien.be\/ma-preprod\/"},{"@type":"ListItem","position":2,"name":"Liens utiles"}]},{"@type":"WebSite","@id":"https:\/\/souvenirperwezien.be\/#website","url":"https:\/\/souvenirperwezien.be\/","name":"Cercle historique de Perwez","description":"Mal\u00e8ves-Sainte-Marie-Wastines, Orbais, Thorembais-les-B\u00e9guines et Thorembais-Saint-Trond","publisher":{"@id":"https:\/\/souvenirperwezien.be\/#organization"},"alternateName":"Souvenir Perw\u00e9zien","potentialAction":[{"@type":"SearchAction","target":{"@type":"EntryPoint","urlTemplate":"https:\/\/souvenirperwezien.be\/?s={search_term_string}"},"query-input":{"@type":"PropertyValueSpecification","valueRequired":true,"valueName":"search_term_string"}}],"inLanguage":"fr-FR"},{"@type":"Organization","@id":"https:\/\/souvenirperwezien.be\/#organization","name":"Cercle historique de Perwez","alternateName":"Le Souvenir Perw\u00e9zien","url":"https:\/\/souvenirperwezien.be\/","logo":{"@type":"ImageObject","inLanguage":"fr-FR","@id":"https:\/\/souvenirperwezien.be\/#\/schema\/logo\/image\/","url":"https:\/\/souvenirperwezien.be\/ma-preprod\/wp-content\/uploads\/2024\/04\/cropped-cropped-cropped-Souvenir-Perwezien-icone-micro-2.webp","contentUrl":"https:\/\/souvenirperwezien.be\/ma-preprod\/wp-content\/uploads\/2024\/04\/cropped-cropped-cropped-Souvenir-Perwezien-icone-micro-2.webp","width":157,"height":203,"caption":"Cercle historique de Perwez"},"image":{"@id":"https:\/\/souvenirperwezien.be\/#\/schema\/logo\/image\/"}}]}},"uagb_featured_image_src":{"full":false,"thumbnail":false,"medium":false,"medium_large":false,"large":false,"1536x1536":false,"2048x2048":false,"qi_addons_for_elementor_image_size_square":false,"qi_addons_for_elementor_image_size_landscape":false,"qi_addons_for_elementor_image_size_portrait":false,"qi_addons_for_elementor_image_size_huge-square":false},"uagb_author_info":{"display_name":"souvenirperwezien","author_link":"https:\/\/souvenirperwezien.be\/ma-preprod\/author\/souvenirperwezien\/"},"uagb_comment_info":0,"uagb_excerpt":"Quelques liens utiles &#8230;","_links":{"self":[{"href":"https:\/\/souvenirperwezien.be\/ma-preprod\/wp-json\/wp\/v2\/pages\/200","targetHints":{"allow":["GET"]}}],"collection":[{"href":"https:\/\/souvenirperwezien.be\/ma-preprod\/wp-json\/wp\/v2\/pages"}],"about":[{"href":"https:\/\/souvenirperwezien.be\/ma-preprod\/wp-json\/wp\/v2\/types\/page"}],"author":[{"embeddable":true,"href":"https:\/\/souvenirperwezien.be\/ma-preprod\/wp-json\/wp\/v2\/users\/1"}],"replies":[{"embeddable":true,"href":"https:\/\/souvenirperwezien.be\/ma-preprod\/wp-json\/wp\/v2\/comments?post=200"}],"version-history":[{"count":9,"href":"https:\/\/souvenirperwezien.be\/ma-preprod\/wp-json\/wp\/v2\/pages\/200\/revisions"}],"predecessor-version":[{"id":2266,"href":"https:\/\/souvenirperwezien.be\/ma-preprod\/wp-json\/wp\/v2\/pages\/200\/revisions\/2266"}],"wp:attachment":[{"href":"https:\/\/souvenirperwezien.be\/ma-preprod\/wp-json\/wp\/v2\/media?parent=200"}],"curies":[{"name":"wp","href":"https:\/\/api.w.org\/{rel}","templated":true}]}}